{"id":120,"date":"2022-03-26T21:16:05","date_gmt":"2022-03-26T18:16:05","guid":{"rendered":"https:\/\/mehmetbirekul.com.tr\/?page_id=120"},"modified":"2022-03-28T23:45:40","modified_gmt":"2022-03-28T20:45:40","slug":"kitaplar","status":"publish","type":"page","link":"https:\/\/mehmetbirekul.com.tr\/?page_id=120","title":{"rendered":"Kitaplar"},"content":{"rendered":"\n<figure class=\"wp-block-table\"><table><tbody><tr><td><strong><mark style=\"background-color:rgba(0, 0, 0, 0);color:#c62121\" class=\"has-inline-color\"><strong><mark style=\"background-color:rgba(0, 0, 0, 0);color:#c62121\" class=\"has-inline-color\">K\u0130TAPLAR<\/mark><\/strong><\/mark><\/strong><\/td><\/tr><tr><td><strong>Uluslararas\u0131 Yay\u0131n Evlerinde Yay\u0131mlanm\u0131\u015f Kitap Yazarl\u0131\u011f\u0131<\/strong><\/td><\/tr><tr><td><a href=\"http:\/\/mehmetbirekul.com.tr\/wp-content\/uploads\/2022\/03\/D1.1.pdf\" data-type=\"URL\" data-id=\"http:\/\/mehmetbirekul.com.tr\/wp-content\/uploads\/2022\/03\/D1.1.pdf\" target=\"_blank\" rel=\"noreferrer noopener\">Peygamber G\u00fcnlerinde Kad\u0131n (2004)., B\u0130REKUL MEHMET, Yediveren, Bas\u0131m say\u0131s\u0131:1, Sayfa Say\u0131s\u0131 240, ISBN:975 \u2013 93680 \u2013 6 &#8211; 4, T\u00fcrk\u00e7e (Bilimsel Kitap)<\/a><\/td><\/tr><tr><td><a href=\"http:\/\/mehmetbirekul.com.tr\/wp-content\/uploads\/2022\/03\/D1.2.pdf\" data-type=\"URL\" data-id=\"http:\/\/mehmetbirekul.com.tr\/wp-content\/uploads\/2022\/03\/D1.2.pdf\" target=\"_blank\" rel=\"noreferrer noopener\">Peygamber G\u00fcnlerinde Sosyal hayat ve Aile (2001)., B\u0130REKUL MEHMET, YILMAZ FAT\u0130H MEHMET, Yediveren, Bas\u0131m say\u0131s\u0131:1, Sayfa Say\u0131s\u0131 206, ISBN:975-93680-3-X, T\u00fcrk\u00e7e (Bilimsel Kitap)<\/a><\/td><\/tr><tr><td><a href=\"http:\/\/mehmetbirekul.com.tr\/wp-content\/uploads\/2022\/03\/D1.3.pdf\" data-type=\"URL\" data-id=\"http:\/\/mehmetbirekul.com.tr\/wp-content\/uploads\/2022\/03\/D1.3.pdf\" target=\"_blank\" rel=\"noreferrer noopener\">Arma\u011fan K\u00fclt\u00fcr\u00fc (2014)., B\u0130REKUL MEHMET, A\u00e7\u0131l\u0131m Kitap, Bas\u0131m say\u0131s\u0131:1, Sayfa Say\u0131s\u0131 194, ISBN:978-9944-105-65-1, T\u00fcrk\u00e7e (Bilimsel Kitap)<\/a><\/td><\/tr><tr><td><a href=\"http:\/\/mehmetbirekul.com.tr\/wp-content\/uploads\/2022\/03\/D1.4.pdf\" data-type=\"URL\" data-id=\"http:\/\/mehmetbirekul.com.tr\/wp-content\/uploads\/2022\/03\/D1.4.pdf\" target=\"_blank\" rel=\"noreferrer noopener\">Korku \u0130le \u00dcmit Aras\u0131nda Avrupa Birli\u011fi T\u00fcrkiye ve Din\u00ee Hayat (2011)., B\u0130REKUL MEHMET, T\u00fcrkevi Ara\u015ft\u0131rma Merkezi, Bas\u0131m say\u0131s\u0131:1, Sayfa Say\u0131s\u0131 304, ISBN:978-9077814-16-1, T\u00fcrk\u00e7e (Bilimsel Kitap)<\/a><\/td><\/tr><tr><td><\/td><\/tr><tr><td><strong>Uluslararas\u0131 Yay\u0131n Evlerinde Yay\u0131mlanm\u0131\u015f Kitap \u0130\u00e7erisinde B\u00f6l\u00fcm Yazarl\u0131\u011f\u0131 (Ayn\u0131 Kitapta En Fazla 1 B\u00f6l\u00fcm)<\/strong><\/td><\/tr><tr><td><a href=\"http:\/\/mehmetbirekul.com.tr\/wp-content\/uploads\/2022\/03\/D2.1_compressed.pdf\" data-type=\"URL\" data-id=\"http:\/\/mehmetbirekul.com.tr\/wp-content\/uploads\/2022\/03\/D2.1_compressed.pdf\" target=\"_blank\" rel=\"noreferrer noopener\">Afet Sosyolojisi, B\u00f6l\u00fcm ad\u0131:(\u0130nsan \/ Do\u011fa \u0130li\u015fkisi:\u201d Bir Do\u011fal \/ Sosyal\u201d Afet Olarak K\u00fcresel Is\u0131nma ve \u0130klim De\u011fi\u015fikli\u011fi) (2020)., B\u0130REKUL MEHMET, \u00c7izgi Kitabevi, Edit\u00f6r: \u0130slam Can, Bas\u0131m say\u0131s\u0131:1, Sayfa Say\u0131s\u0131 368, ISBN:978-605-196-501-7, T\u00fcrk\u00e7e(Bilimsel Kitap)<\/a><\/td><\/tr><tr><td><a href=\"http:\/\/mehmetbirekul.com.tr\/wp-content\/uploads\/2022\/03\/D2.2_compressed.pdf\" data-type=\"URL\" data-id=\"http:\/\/mehmetbirekul.com.tr\/wp-content\/uploads\/2022\/03\/D2.2_compressed.pdf\" target=\"_blank\" rel=\"noreferrer noopener\">Ekranla Oyna(ma)mak, B\u00f6l\u00fcm ad\u0131:(Ortaokul, Lise ve \u00dcniversite \u00d6\u011frencilerinin \u0130nternet ve Oyun Ba\u011f\u0131ml\u0131l\u0131klar\u0131n\u0131n Alg\u0131lad\u0131klar\u0131 Sosyal Destek, Psikolojik \u0130htiya\u00e7lar ve \u00c7e\u015fitli Demografik De\u011fi\u015fkenler A\u00e7\u0131s\u0131ndan \u0130ncelenmesi) (2020)., B\u0130REKUL MEHMET, YAL\u00c7IN S\u00dcLEYMAN BARBAROS, KAVAKLI MEHMET, Konya B\u00fcy\u00fck\u015fehir Belediyesi \/ Necmettin Erbakan \u00dcniversitesi Yay\u0131nlar\u0131, Edit\u00f6r: Mehmet Birekul, Bas\u0131m say\u0131s\u0131:1, Sayfa Say\u0131s\u0131 92, ISBN:978-605-2131-70-1, T\u00fcrk\u00e7e (Bilimsel Kitap)<\/a><\/td><\/tr><tr><td><a href=\"http:\/\/mehmetbirekul.com.tr\/wp-content\/uploads\/2022\/03\/D2.3_compressed.pdf\" data-type=\"URL\" data-id=\"http:\/\/mehmetbirekul.com.tr\/wp-content\/uploads\/2022\/03\/D2.3_compressed.pdf\" target=\"_blank\" rel=\"noreferrer noopener\">Din Sosyolojisi, B\u00f6l\u00fcm ad\u0131:(K\u00fcreselle\u015fme ve Din) (2020)., B\u0130REKUL MEHMET, Bilay Yay\u0131nlar\u0131, Edit\u00f6r: Mustafa Tekin, Kadir Canatan, Bas\u0131m say\u0131s\u0131:1, Sayfa Say\u0131s\u0131 468, ISBN:978-625-44435-0-3, T\u00fcrk\u00e7e (Bilimsel Kitap)<\/a><\/td><\/tr><tr><td><a href=\"http:\/\/mehmetbirekul.com.tr\/wp-content\/uploads\/2022\/03\/D2.4_compressed.pdf\" data-type=\"URL\" data-id=\"http:\/\/mehmetbirekul.com.tr\/wp-content\/uploads\/2022\/03\/D2.4_compressed.pdf\" target=\"_blank\" rel=\"noreferrer noopener\">Pandemi S\u00fcrecinde Sosyoekonomik De\u011fi\u015fim ve D\u00f6n\u00fc\u015f\u00fcmler, B\u00f6l\u00fcm ad\u0131:(Yeni Tip Koronavir\u00fcs (Covid19) S\u00fcrecinde Mekan\u0131n yeniden \u00dcretimi: Eve S\u0131\u011fmayan Hayatlar ve Kamusalla\u015fan Balkonlar) (2020)., B\u0130REKUL MEHMET,Top Necmettin Erbakan \u00dcniversitesi Yay\u0131nlar\u0131, Edit\u00f6r: Fatih Kaleci, Emrah Ba\u015faran, Bas\u0131m say\u0131s\u0131:1, Sayfa Say\u0131s\u0131 773, ISBN:978-605-700-69-9-8, T\u00fcrk\u00e7e (Bilimsel Kitap)<\/a><\/td><\/tr><tr><td><a href=\"http:\/\/mehmetbirekul.com.tr\/wp-content\/uploads\/2022\/03\/D2.5_compressed.pdf\" data-type=\"URL\" data-id=\"http:\/\/mehmetbirekul.com.tr\/wp-content\/uploads\/2022\/03\/D2.5_compressed.pdf\" target=\"_blank\" rel=\"noreferrer noopener\">Bir Ba\u015fka Hayata Kar\u015f\u0131 \u201d1980 Sonras\u0131 \u0130slamc\u0131 Dergilerde Meseleler, Kavramlar ve \u0130simlerCilt 3: K\u00fclt\u00fcr, Medya, Ya\u015fam, B\u00f6l\u00fcm ad\u0131:(\u0130slamc\u0131l\u0131\u011f\u0131n M\u00fczikle \u0130mtihan\u0131: 1980 Sonras\u0131 \u0130slamc\u0131 M\u00fczik, Radyolar, Mar\u015flar) (2019)., B\u0130REKUL MEHMET, Konya B\u00fcy\u00fck\u015fehir Belediyesi K\u00fclt\u00fcr Yay\u0131nlar\u0131, Edit\u00f6r: L\u00fctfi Sunar, Bas\u0131m say\u0131s\u0131:1, Sayfa Say\u0131s\u0131 467, ISBN:978-605-389-347-9, T\u00fcrk\u00e7e (Bilimsel Kitap)<\/a><\/td><\/tr><tr><td>Do\u011fumunun 90. Y\u0131l\u0131nda Erbakan, B\u00f6l\u00fcm ad\u0131:(28 \u015eubat\u0131\u2019\u0131n Art\u00e7\u0131 \u0130zleri, Erbakan\u2019\u0131n Yok Say\u0131l\u0131\u015f\u0131: Devrim Arabalar\u0131 Filmi \u00dczerine Bir De\u011ferlendirme) (2017)., B\u0130REKUL MEHMET, T\u00dcRKMENO\u011eLU AHMET TARIK, Necmettin Erbakan \u00dcniversitesi Yay\u0131nlar\u0131, Edit\u00f6r: Mahmut Hakk\u0131 Ak\u0131n, Bas\u0131m say\u0131s\u0131:1, Sayfa Say\u0131s\u0131 600, ISBN:978-6054988-21-1, T\u00fcrk\u00e7e (Bilimsel Kitap)<\/td><\/tr><tr><td><a href=\"http:\/\/mehmetbirekul.com.tr\/wp-content\/uploads\/2022\/03\/D2.7.pdf\" data-type=\"URL\" data-id=\"http:\/\/mehmetbirekul.com.tr\/wp-content\/uploads\/2022\/03\/D2.7.pdf\" target=\"_blank\" rel=\"noreferrer noopener\">Sosyal Hareketler \u00c7a\u011f\u0131, B\u00f6l\u00fcm ad\u0131:(Toplumsal hareketler ve M\u00fczik) (2016)., B\u0130REKUL MEHMET, A\u00e7\u0131l\u0131m Kitap, Edit\u00f6r: Ferhat Tekin, Erhan Tecim, Bas\u0131m say\u0131s\u0131:1, Sayfa Say\u0131s\u0131 298, ISBN:9789944105972, T\u00fcrk\u00e7e (Bilimsel Kitap)<\/a><\/td><\/tr><tr><td><a href=\"http:\/\/mehmetbirekul.com.tr\/wp-content\/uploads\/2022\/03\/D2.8_compressed-1.pdf\" data-type=\"URL\" data-id=\"http:\/\/mehmetbirekul.com.tr\/wp-content\/uploads\/2022\/03\/D2.8_compressed-1.pdf\" target=\"_blank\" rel=\"noreferrer noopener\">De\u011ferler Bilan\u00e7osu Felsefe Sosyoloji Kamu E\u011fitim, B\u00f6l\u00fcm ad\u0131:(Sosyolojinin Do\u011fu\u015funda De\u011ferler Problemi &#8211; Kurucu Sosyologlarda De\u011ferler \u00dczerine felsefi Bir Tart\u0131\u015fma) (2015)., B\u0130REKUL MEHMET, ALKIN RUH\u0130 CAN, \u00c7izgi Kitabevi, Edit\u00f6r: Hasan H\u00fcseyin Bircan &#8211; B\u00fclent Dilma\u00e7, Bas\u0131m say\u0131s\u0131:1, Sayfa Say\u0131s\u0131 320, ISBN:978-605-9706-07-0, T\u00fcrk\u00e7e (Bilimsel Kitap)<\/a><\/td><\/tr><tr><td><a href=\"http:\/\/mehmetbirekul.com.tr\/wp-content\/uploads\/2022\/03\/D2.9_compressed.pdf\" data-type=\"URL\" data-id=\"http:\/\/mehmetbirekul.com.tr\/wp-content\/uploads\/2022\/03\/D2.9_compressed.pdf\" target=\"_blank\" rel=\"noreferrer noopener\">Kom\u015fuluk K\u00fclt\u00fcr\u00fc, B\u00f6l\u00fcm ad\u0131:(Bir Kom\u015fuluk Nostaljisi Olarak Mahalle \u0130ftarlar\u0131) (2014)., B\u0130REKUL MEHMET, Hece, Edit\u00f6r: Ahmet Koyuncu, Bas\u0131m say\u0131s\u0131:1, Sayfa Say\u0131s\u0131 257, ISBN:978-605-9954-40-2, T\u00fcrk\u00e7e (Bilimsel Kitap)<\/a><\/td><\/tr><tr><td><a href=\"http:\/\/mehmetbirekul.com.tr\/wp-content\/uploads\/2022\/03\/D2.10.pdf\" data-type=\"URL\" data-id=\"http:\/\/mehmetbirekul.com.tr\/wp-content\/uploads\/2022\/03\/D2.10.pdf\" target=\"_blank\" rel=\"noreferrer noopener\">Aile Sosyolojisi Yaz\u0131lar\u0131, B\u00f6l\u00fcm ad\u0131:(Aile ve Din\u00ee Sosyalle\u015fme) (2014)., B\u0130REKUL MEHMET, A\u00e7\u0131l\u0131m Kitap, Edit\u00f6r: Mustafa Ayd\u0131n, Bas\u0131m say\u0131s\u0131:1, Sayfa Say\u0131s\u0131 440, ISBN:978-9944-105-53-8, T\u00fcrk\u00e7e (Bilimsel Kitap)<\/a><\/td><\/tr><tr><td><a href=\"http:\/\/mehmetbirekul.com.tr\/wp-content\/uploads\/2022\/03\/D2.11_compressed.pdf\" data-type=\"URL\" data-id=\"http:\/\/mehmetbirekul.com.tr\/wp-content\/uploads\/2022\/03\/D2.11_compressed.pdf\" target=\"_blank\" rel=\"noreferrer noopener\">Sistematik Aile Sosyolojisi, B\u00f6l\u00fcm ad\u0131:(Aile- Toplum \u0130li\u015fkisi) (2013)., B\u0130REKUL MEHMET, \u00c7izgi Yay\u0131nlar\u0131, Edit\u00f6r: Mustafa Ayd\u0131n, Bas\u0131m say\u0131s\u0131:1, Sayfa Say\u0131s\u0131 400, ISBN:978-605-5022-26-6, T\u00fcrk\u00e7e (Bilimsel Kitap)<\/a><\/td><\/tr><tr><td><a href=\"http:\/\/mehmetbirekul.com.tr\/wp-content\/uploads\/2022\/03\/D2.12_compressed.pdf\" data-type=\"URL\" data-id=\"http:\/\/mehmetbirekul.com.tr\/wp-content\/uploads\/2022\/03\/D2.12_compressed.pdf\" target=\"_blank\" rel=\"noreferrer noopener\">Konya Ansiklopedisi 5 Cilt, B\u00f6l\u00fcm ad\u0131:(Dini Hayat) (2013)., B\u0130REKUL MEHMET, Konya B\u00fcy\u00fck\u015fehir Belediyesi Yay\u0131nlar\u0131, Bas\u0131m say\u0131s\u0131:1, Sayfa Say\u0131s\u0131 372, ISBN:978 &#8211; 605 &#8211; 389 &#8211; 107-9 (5C), T\u00fcrk\u00e7e (Ansiklopedi Maddesi)<\/a><\/td><\/tr><tr><td><\/td><\/tr><tr><td><strong>Ulusal Yay\u0131nevlerinde Yay\u0131mlanm\u0131\u015f Kitap Yazarl\u0131\u011f\u0131<\/strong><\/td><\/tr><tr><td>Kad\u0131na Y\u00f6nelik \u015eiddetin \u00d6nlenmesinde Konya Ara\u015ft\u0131rmas\u0131 (2015)., \u00d6ZENSEL ERTAN, KOYUNCU AHMET, B\u0130REKUL MEHMET, Konya B\u00fcy\u00fck\u015fehir Belediyesi \/ \u00c7a\u011fda\u015f Aile Derne\u011fi, Bas\u0131m say\u0131s\u0131:1, Sayfa Say\u0131s\u0131 167, T\u00fcrk\u00e7e (Ara\u015ft\u0131rma Kitab\u0131)<\/td><\/tr><tr><td><\/td><\/tr><tr><td><strong>Ulusal Yay\u0131nevlerinde Yay\u0131mlanm\u0131\u015f Kitap \u0130\u00e7erisinde B\u00f6l\u00fcm Yazarl\u0131\u011f\u0131 (Ayn\u0131 Kitapta En Fazla 1 B\u00f6l\u00fcm)<\/strong><\/td><\/tr><tr><td><a href=\"http:\/\/mehmetbirekul.com.tr\/wp-content\/uploads\/2022\/03\/D4.1.pdf\" data-type=\"URL\" data-id=\"http:\/\/mehmetbirekul.com.tr\/wp-content\/uploads\/2022\/03\/D4.1.pdf\" target=\"_blank\" rel=\"noreferrer noopener\">\u0130brahimi Dinlerde Kad\u0131n, B\u00f6l\u00fcm ad\u0131:(\u0130slam (Toplumun)da Kad\u0131n) (2021)., B\u0130REKUL MEHMET, Kadem Yay\u0131nlar\u0131, Edit\u00f6r: Saliha Okur G\u00fcmr\u00fck\u00e7\u00fco\u011flu, Bas\u0131m say\u0131s\u0131:1000, Sayfa Say\u0131s\u0131 72, ISBN:978-605-83001-8-7, T\u00fcrk\u00e7e (Bilimsel Kitap)<\/a><\/td><\/tr><tr><td><a href=\"http:\/\/mehmetbirekul.com.tr\/wp-content\/uploads\/2022\/03\/D4.2.pdf\" data-type=\"URL\" data-id=\"http:\/\/mehmetbirekul.com.tr\/wp-content\/uploads\/2022\/03\/D4.2.pdf\" target=\"_blank\" rel=\"noreferrer noopener\">\u201d \u0130slam\u2019\u0131 Uyand\u0131rmak\u201d Me\u015frutiyet\u2019ten Cumhuriyet\u2019e \u0130slamc\u0131 D\u00fc\u015f\u00fcnce ve Dergiler, B\u00f6l\u00fcm ad\u0131:(Bir D\u00f6nemin Haf\u0131zas\u0131: S\u0131r\u00e2t-\u0131 M\u00fcstak\u00eem &#8211; Sebil\u00fcrre\u015fad Dergileri ve\u0130slamc\u0131l\u0131k D\u00fc\u015f\u00fcncesi \u00dczerine Bibliyografik Bir \u0130nceleme) (2018)., B\u0130REKUL MEHMET, \u0130lem Yay\u0131nlar\u0131, Edit\u00f6r: L\u00fctfi Sunar, Bas\u0131m say\u0131s\u0131:1, Sayfa Say\u0131s\u0131 518, ISBN:978-605-68401-0-4, T\u00fcrk\u00e7e (Bilimsel Kitap)<\/a><\/td><\/tr><tr><td><a href=\"http:\/\/mehmetbirekul.com.tr\/wp-content\/uploads\/2022\/03\/D4.3.pdf\" data-type=\"URL\" data-id=\"http:\/\/mehmetbirekul.com.tr\/wp-content\/uploads\/2022\/03\/D4.3.pdf\" target=\"_blank\" rel=\"noreferrer noopener\">D4.3 Gelece\u011fin \u0130n\u015fas\u0131nda \u0130mam Hatip Okullar\u0131, B\u00f6l\u00fcm ad\u0131:(Kolektif Bir Kimlik Olarak \u201c\u0130mam Hatiplilik\u201d: Mar\u015flar \u00dczerinden Bir Okuma) (2017)., B\u0130REKUL MEHMET, \u0130n\u00f6n\u00fc \u00dcniversitesi Yay\u0131nlar\u0131, Edit\u00f6r: \u0130lhan Erdem, \u0130brahim A\u015flamac\u0131, Recep U\u00e7ar, Bas\u0131m say\u0131s\u0131:1, Sayfa Say\u0131s\u0131 521, ISBN:978-975-8573-31-8, T\u00fcrk\u00e7e (Bilimsel Kitap)<\/a><\/td><\/tr><tr><td><\/td><\/tr><tr><td><\/td><\/tr><tr><td><\/td><\/tr><tr><td><\/td><\/tr><tr><td><\/td><\/tr><tr><td><\/td><\/tr><\/tbody><\/table><\/figure>\n","protected":false},"excerpt":{"rendered":"<p>K\u0130TAPLAR Uluslararas\u0131 Yay\u0131n Evlerinde Yay\u0131mlanm\u0131\u015f Kitap Yazarl\u0131\u011f\u0131 Peygamber G\u00fcnlerinde Kad\u0131n (2004)., B\u0130REKUL MEHMET, Yediveren, Bas\u0131m say\u0131s\u0131:1, Sayfa Say\u0131s\u0131 240, ISBN:975 \u2013 93680 \u2013 6 &#8211; 4, T\u00fcrk\u00e7e (Bilimsel Kitap) Peygamber G\u00fcnlerinde Sosyal hayat ve Aile (2001)., B\u0130REKUL MEHMET, YILMAZ FAT\u0130H MEHMET, Yediveren, Bas\u0131m say\u0131s\u0131:1, Sayfa Say\u0131s\u0131 206, ISBN:975-93680-3-X, T\u00fcrk\u00e7e (Bilimsel [&hellip;]<\/p>\n","protected":false},"author":3,"featured_media":0,"parent":0,"menu_order":0,"comment_status":"closed","ping_status":"closed","template":"","meta":{"ngg_post_thumbnail":0,"footnotes":""},"class_list":["post-120","page","type-page","status-publish","hentry"],"_links":{"self":[{"href":"https:\/\/mehmetbirekul.com.tr\/index.php?rest_route=\/wp\/v2\/pages\/120","targetHints":{"allow":["GET"]}}],"collection":[{"href":"https:\/\/mehmetbirekul.com.tr\/index.php?rest_route=\/wp\/v2\/pages"}],"about":[{"href":"https:\/\/mehmetbirekul.com.tr\/index.php?rest_route=\/wp\/v2\/types\/page"}],"author":[{"embeddable":true,"href":"https:\/\/mehmetbirekul.com.tr\/index.php?rest_route=\/wp\/v2\/users\/3"}],"replies":[{"embeddable":true,"href":"https:\/\/mehmetbirekul.com.tr\/index.php?rest_route=%2Fwp%2Fv2%2Fcomments&post=120"}],"version-history":[{"count":19,"href":"https:\/\/mehmetbirekul.com.tr\/index.php?rest_route=\/wp\/v2\/pages\/120\/revisions"}],"predecessor-version":[{"id":354,"href":"https:\/\/mehmetbirekul.com.tr\/index.php?rest_route=\/wp\/v2\/pages\/120\/revisions\/354"}],"wp:attachment":[{"href":"https:\/\/mehmetbirekul.com.tr\/index.php?rest_route=%2Fwp%2Fv2%2Fmedia&parent=120"}],"curies":[{"name":"wp","href":"https:\/\/api.w.org\/{rel}","templated":true}]}}