{"id":118,"date":"2022-03-26T21:15:21","date_gmt":"2022-03-26T18:15:21","guid":{"rendered":"https:\/\/mehmetbirekul.com.tr\/?page_id=118"},"modified":"2022-03-26T21:15:23","modified_gmt":"2022-03-26T18:15:23","slug":"ozgecmis","status":"publish","type":"page","link":"https:\/\/mehmetbirekul.com.tr\/?page_id=118","title":{"rendered":"\u00d6zge\u00e7mi\u015f"},"content":{"rendered":"\n<p class=\"has-text-align-center\">Prof. Dr. Mehmet Birekul, 1999\u2019da Sel\u00e7uk \u00dcniversitesi \u0130lahiyat Fak\u00fcltesi\u2019nde lisans e\u011fitimini yine ayn\u0131 \u00fcniversitede Din Sosyolojisi alan\u0131nda \u201cSosyolojik A\u00e7\u0131dan \u0130lk D\u00f6nem \u0130slam Toplumunda Kad\u0131n ve Aile\u201d (2002) isimli tezi ile y\u00fcksek lisans\u0131n\u0131, \u201cAvrupa Birli\u011fi \u00dcyeli\u011finin T\u00fcrk Toplumunun Dini Hayat\u0131na Yans\u0131malar\u0131 Gelecekle \u0130lgili Beklentiler\u201d (2009) isimli tezi ile de doktoras\u0131n\u0131 tamamlad\u0131. 2010 \u2013 2012 y\u0131llar\u0131 aras\u0131nda \u0130n\u00f6n\u00fc \u00dcniversitesi E\u011fitim Fak\u00fcltesi\u2019nde \u00f6\u011fretim \u00fcyesi olarak \u00e7al\u0131\u015ft\u0131. 2011 y\u0131l\u0131nda Malezya Uluslararas\u0131 \u0130slam \u00dcniversitesi\u2019nde misafir \u00f6\u011fretim \u00fcyesi olarak bulundu. 2016 y\u0131l\u0131nda Sosyoloji do\u00e7enti unvan\u0131n\u0131 2021 y\u0131l\u0131nda da profes\u00f6r unvan\u0131n\u0131 ald\u0131. Halen Necmettin Erbakan \u00dcniversitesi, Sosyal ve Be\u015fer\u00ee Bilimler Fak\u00fcltesi, Sosyoloji B\u00f6l\u00fcm\u00fc \u00f6\u011fretim \u00fcyesidir. \u201cPeygamber G\u00fcnlerinde Sosyal Hayat ve Aile\u201d (Konya \/ 2001) \u201cPeygamber G\u00fcnlerinde Kad\u0131n\u201d (Konya \/ 2004), \u201c-Korku ile \u00dcmit Aras\u0131nda- Avrupa Birli\u011fi, T\u00fcrkiye ve Din\u00ee Hayat\u201d (Amsterdam \/ 2011) ve Arma\u011fan K\u00fclt\u00fcr\u00fc (\u0130stanbul \/ 2014) isimli kitaplar\u0131 ve Din Sosyolojisi, K\u00fclt\u00fcr Sosyolojisi, M\u00fczik Sosyolojisi, Modernle\u015fme, K\u00fcreselle\u015fme ve Kimlik gibi alanlarda yay\u0131nlanm\u0131\u015f uluslararas\u0131 ve ulusal \u00e7ok say\u0131da makalesi ve bildirisi ve yine ayn\u0131 alanlarda telif \u00e7al\u0131\u015fmalar\u0131 bulunmaktad\u0131r. Evli ve 3 \u00e7ocuk babas\u0131d\u0131r.<\/p>\n","protected":false},"excerpt":{"rendered":"<p>Prof. Dr. Mehmet Birekul, 1999\u2019da Sel\u00e7uk \u00dcniversitesi \u0130lahiyat Fak\u00fcltesi\u2019nde lisans e\u011fitimini yine ayn\u0131 \u00fcniversitede Din Sosyolojisi alan\u0131nda \u201cSosyolojik A\u00e7\u0131dan \u0130lk D\u00f6nem \u0130slam Toplumunda Kad\u0131n ve Aile\u201d (2002) isimli tezi ile y\u00fcksek lisans\u0131n\u0131, \u201cAvrupa Birli\u011fi \u00dcyeli\u011finin T\u00fcrk Toplumunun Dini Hayat\u0131na Yans\u0131malar\u0131 Gelecekle \u0130lgili Beklentiler\u201d (2009) isimli tezi ile de doktoras\u0131n\u0131 tamamlad\u0131. [&hellip;]<\/p>\n","protected":false},"author":3,"featured_media":0,"parent":0,"menu_order":0,"comment_status":"closed","ping_status":"closed","template":"","meta":{"ngg_post_thumbnail":0,"footnotes":""},"class_list":["post-118","page","type-page","status-publish","hentry"],"_links":{"self":[{"href":"https:\/\/mehmetbirekul.com.tr\/index.php?rest_route=\/wp\/v2\/pages\/118","targetHints":{"allow":["GET"]}}],"collection":[{"href":"https:\/\/mehmetbirekul.com.tr\/index.php?rest_route=\/wp\/v2\/pages"}],"about":[{"href":"https:\/\/mehmetbirekul.com.tr\/index.php?rest_route=\/wp\/v2\/types\/page"}],"author":[{"embeddable":true,"href":"https:\/\/mehmetbirekul.com.tr\/index.php?rest_route=\/wp\/v2\/users\/3"}],"replies":[{"embeddable":true,"href":"https:\/\/mehmetbirekul.com.tr\/index.php?rest_route=%2Fwp%2Fv2%2Fcomments&post=118"}],"version-history":[{"count":1,"href":"https:\/\/mehmetbirekul.com.tr\/index.php?rest_route=\/wp\/v2\/pages\/118\/revisions"}],"predecessor-version":[{"id":119,"href":"https:\/\/mehmetbirekul.com.tr\/index.php?rest_route=\/wp\/v2\/pages\/118\/revisions\/119"}],"wp:attachment":[{"href":"https:\/\/mehmetbirekul.com.tr\/index.php?rest_route=%2Fwp%2Fv2%2Fmedia&parent=118"}],"curies":[{"name":"wp","href":"https:\/\/api.w.org\/{rel}","templated":true}]}}