{"id":104,"date":"2022-03-25T23:47:44","date_gmt":"2022-03-25T20:47:44","guid":{"rendered":"https:\/\/mehmetbirekul.com.tr\/?page_id=104"},"modified":"2022-03-27T00:00:25","modified_gmt":"2022-03-26T21:00:25","slug":"iletisim","status":"publish","type":"page","link":"https:\/\/mehmetbirekul.com.tr\/?page_id=104","title":{"rendered":"\u0130leti\u015fim"},"content":{"rendered":"\n<p><strong><mark style=\"background-color:rgba(0, 0, 0, 0)\" class=\"has-inline-color has-accent-color\">Adres<\/mark><\/strong><\/p>\n\n\n\n<p>Adres: Necmettin Erbakan \u00dcniversitesi&nbsp;K\u00f6yce\u011fiz Yerle\u015fkesi Sosyal ve Be\u015feri Bilimler Fak\u00fcltesi Dekanl\u0131\u011f\u0131, K\u00f6yce\u011fiz Mah., Deme\u00e7 Sok., No:39\/1 Meram \/KONYA&nbsp;&nbsp;<\/p>\n\n\n\n<p><strong>Telefon<\/strong><\/p>\n\n\n\n<p>0332 325 20 57<\/p>\n\n\n\n<p><\/p>\n\n\n\n<p><strong>E-Posta<\/strong><\/p>\n\n\n\n<p>mbirekul@erbakan.edu.tr<\/p>\n\n\n\n<p><\/p>\n\n\n\n<p><strong>Sosyal Medya<\/strong><\/p>\n\n\n\n<p><a href=\"https:\/\/twitter.com\/birekul_mehmet\">Twitter<\/a><\/p>\n\n\n\n<p><a href=\"https:\/\/www.instagram.com\/mehmetbirekul\/\">\u0130nstagram<\/a><\/p>\n","protected":false},"excerpt":{"rendered":"<p>Adres Adres: Necmettin Erbakan \u00dcniversitesi&nbsp;K\u00f6yce\u011fiz Yerle\u015fkesi Sosyal ve Be\u015feri Bilimler Fak\u00fcltesi Dekanl\u0131\u011f\u0131, K\u00f6yce\u011fiz Mah., Deme\u00e7 Sok., No:39\/1 Meram \/KONYA&nbsp;&nbsp; Telefon 0332 325 20 57 E-Posta mbirekul@erbakan.edu.tr Sosyal Medya Twitter \u0130nstagram<\/p>\n","protected":false},"author":3,"featured_media":0,"parent":0,"menu_order":0,"comment_status":"closed","ping_status":"closed","template":"","meta":{"ngg_post_thumbnail":0,"footnotes":""},"class_list":["post-104","page","type-page","status-publish","hentry"],"_links":{"self":[{"href":"https:\/\/mehmetbirekul.com.tr\/index.php?rest_route=\/wp\/v2\/pages\/104","targetHints":{"allow":["GET"]}}],"collection":[{"href":"https:\/\/mehmetbirekul.com.tr\/index.php?rest_route=\/wp\/v2\/pages"}],"about":[{"href":"https:\/\/mehmetbirekul.com.tr\/index.php?rest_route=\/wp\/v2\/types\/page"}],"author":[{"embeddable":true,"href":"https:\/\/mehmetbirekul.com.tr\/index.php?rest_route=\/wp\/v2\/users\/3"}],"replies":[{"embeddable":true,"href":"https:\/\/mehmetbirekul.com.tr\/index.php?rest_route=%2Fwp%2Fv2%2Fcomments&post=104"}],"version-history":[{"count":5,"href":"https:\/\/mehmetbirekul.com.tr\/index.php?rest_route=\/wp\/v2\/pages\/104\/revisions"}],"predecessor-version":[{"id":163,"href":"https:\/\/mehmetbirekul.com.tr\/index.php?rest_route=\/wp\/v2\/pages\/104\/revisions\/163"}],"wp:attachment":[{"href":"https:\/\/mehmetbirekul.com.tr\/index.php?rest_route=%2Fwp%2Fv2%2Fmedia&parent=104"}],"curies":[{"name":"wp","href":"https:\/\/api.w.org\/{rel}","templated":true}]}}